{"id":52,"date":"2020-12-08T09:32:33","date_gmt":"2020-12-08T09:32:33","guid":{"rendered":"https:\/\/demo.cmssuperheroes.com\/themeforest\/solatec\/?page_id=52"},"modified":"2025-11-07T17:24:20","modified_gmt":"2025-11-07T17:24:20","slug":"contatti","status":"publish","type":"page","link":"https:\/\/www.matozzoni.it\/en\/contatti\/","title":{"rendered":"Contacts"},"content":{"rendered":"<div data-elementor-type=\"wp-page\" data-elementor-id=\"52\" class=\"elementor elementor-52\">\n\t\t\t\t\t\t<section class=\"elementor-section elementor-top-section elementor-element elementor-element-164a6d1 elementor-section-full_width elementor-section-stretched p-0 elementor-section-height-default elementor-section-height-default cms-full-content-with-space-none cms-boxed-bg-false\" data-id=\"164a6d1\" data-element_type=\"section\" data-settings=\"{&quot;stretch_section&quot;:&quot;section-stretched&quot;}\">\r\n\t\t\t<div class=\"cms-section-boxed-bg\"><\/div>\t\t\t<div class=\"elementor-container elementor-column-gap-no\" >\r\n\t\t\t        <div class=\"elementor-column elementor-col-100 elementor-top-column elementor-element elementor-element-fd1e332\" data-id=\"fd1e332\" data-element_type=\"column\">\r\n            <div class=\"elementor-widget-wrap elementor-element-populated\">\r\n                \t\t<div class=\"elementor-element elementor-element-008971d elementor-widget elementor-widget-google_maps\" data-id=\"008971d\" data-element_type=\"widget\" data-widget_type=\"google_maps.default\">\n\t\t\t\t\t\t\t<div class=\"elementor-custom-embed\">\n\t\t\t<iframe loading=\"lazy\"\n\t\t\t\t\tsrc=\"https:\/\/maps.google.com\/maps?q=Via%20Partigiani%20d%27Italia%2C%2080%2C%2050053%20Terrafino%20FI&#038;t=m&#038;z=12&#038;output=embed&#038;iwloc=near\"\n\t\t\t\t\ttitle=\"Via Partigiani d&#039;Italia, 80, 50053 Terrafino FI\"\n\t\t\t\t\taria-label=\"Via Partigiani d&#039;Italia, 80, 50053 Terrafino FI\"\n\t\t\t><\/iframe>\n\t\t<\/div>\n\t\t\t\t\t\t<\/div>\n\t\t            <\/div>\r\n        <\/div>\r\n        \t\t\t<\/div>\r\n\t\t<\/section>\r\n\t\t\t\t<section class=\"elementor-section elementor-top-section elementor-element elementor-element-2fc0640 elementor-section-boxed elementor-section-height-default elementor-section-height-default cms-boxed-bg-false\" data-id=\"2fc0640\" data-element_type=\"section\">\r\n\t\t\t<div class=\"cms-section-boxed-bg\"><\/div>\t\t\t<div class=\"elementor-container elementor-column-gap-default\" >\r\n\t\t\t        <div class=\"elementor-column elementor-col-33 elementor-top-column elementor-element elementor-element-bff3f11\" data-id=\"bff3f11\" data-element_type=\"column\">\r\n            <div class=\"elementor-widget-wrap elementor-element-populated\">\r\n                \t\t<div class=\"elementor-element elementor-element-81d4d7c cms-quick-contact-layout-10 elementor-widget elementor-widget-cms_quickcontact\" data-id=\"81d4d7c\" data-element_type=\"widget\" data-widget_type=\"cms_quickcontact.default\">\n\t\t\t\t<div class=\"elementor-widget-container\">\n\t\t\t\t\t<div class=\"cms-qc-wrap\">\n\t<div class=\"cms-qc-inner p-30 p-lg-60\">\n\t\t<div class=\"row justify-content-center text-body\">\n\t\t\t\t\t<div class=\"cms-qc-list col-12 text-\">\n\t\t\t\t<div class=\"row gutters-10 align-items-center\">\n\t\t\t\t\t<div class=\"col-auto empty-none\"><\/div>\n\t\t\t        <div class=\"col empty-none\">\n\t\t\t        \t<div>\n\t\t\t        \t\t<div class=\"cms-heading text-17 cms-contact-title empty-none\">Where We Are<\/div>\n\t\t\t        \t\tVia Partigiani d&#039;Italia, 80, 50053 Empoli (FI)<\/div>\n\t\t\t        \t<div><div class=\"cms-heading text-17 cms-contact-title empty-none\"><\/div> <\/div>\n\t\t\t        <\/div>\n\t\t\t    <\/div>\n\t\t    <\/div>      \n\t\t\t\t\t<div class=\"cms-qc-list col-12 text-\">\n\t\t\t\t<div class=\"row gutters-10 align-items-center\">\n\t\t\t\t\t<div class=\"col-auto empty-none\"><\/div>\n\t\t\t        <div class=\"col empty-none\">\n\t\t\t        \t<div>\n\t\t\t        \t\t<div class=\"cms-heading text-17 cms-contact-title empty-none\">\t\t        \t\t\t\t<a href=\"mailto:front-office@matozzoni.it\">Headquarters<\/div>\n\t\t\t        \t\t<\/a><\/div>\n\t\t\t        \t<div><div class=\"cms-heading text-17 cms-contact-title empty-none\"><\/div> Email: front-office@matozzoni.it<\/div>\n\t\t\t        <\/div>\n\t\t\t    <\/div>\n\t\t    <\/div>      \n\t\t\t\t\t<div class=\"cms-qc-list col-12 text-\">\n\t\t\t\t<div class=\"row gutters-10 align-items-center\">\n\t\t\t\t\t<div class=\"col-auto empty-none\"><\/div>\n\t\t\t        <div class=\"col empty-none\">\n\t\t\t        \t<div>\n\t\t\t        \t\t<div class=\"cms-heading text-17 cms-contact-title empty-none\">\t\t        \t\t\t\t<a href=\"mailto:consulenza@matozzoni.it\">Incentives<\/div>\n\t\t\t        \t\t<\/a><\/div>\n\t\t\t        \t<div><div class=\"cms-heading text-17 cms-contact-title empty-none\"><\/div> Email: consulenza@matozzoni.it<\/div>\n\t\t\t        <\/div>\n\t\t\t    <\/div>\n\t\t    <\/div>      \n\t\t\t\t\t<div class=\"cms-qc-list col-12 text-\">\n\t\t\t\t<div class=\"row gutters-10 align-items-center\">\n\t\t\t\t\t<div class=\"col-auto empty-none\"><\/div>\n\t\t\t        <div class=\"col empty-none\">\n\t\t\t        \t<div>\n\t\t\t        \t\t<div class=\"cms-heading text-17 cms-contact-title empty-none\">\t\t        \t\t\t\t<a href=\"mailto:   amministrazione@matozzoni.it\">Clienti Business e Privati<\/div>\n\t\t\t        \t\t<\/a><\/div>\n\t\t\t        \t<div><div class=\"cms-heading text-17 cms-contact-title empty-none\"><\/div> Email:  amministrazione@matozzoni.it<\/div>\n\t\t\t        <\/div>\n\t\t\t    <\/div>\n\t\t    <\/div>      \n\t\t\t\t\t<div class=\"cms-qc-list col-12 text-\">\n\t\t\t\t<div class=\"row gutters-10 align-items-center\">\n\t\t\t\t\t<div class=\"col-auto empty-none\"><\/div>\n\t\t\t        <div class=\"col empty-none\">\n\t\t\t        \t<div>\n\t\t\t        \t\t<div class=\"cms-heading text-17 cms-contact-title empty-none\">Opening Hours<\/div>\n\t\t\t        \t\tMonday - Friday: 8:30 - 18:00<\/div>\n\t\t\t        \t<div><div class=\"cms-heading text-17 cms-contact-title empty-none\"><\/div> Saturday: 9:00 - 13:00<\/div>\n\t\t\t        <\/div>\n\t\t\t    <\/div>\n\t\t    <\/div>      \n\t\t\t\t<\/div>\n\t\t        <div class=\"cms-btn-wraps mt-10 text-justify\">\r\n                <a href=\"\" class=\"btn btn-fill btn-accent btn-hover-primary btn-lg d-lg-block\">\r\n                <span class=\"cms-btn-content cms-btn-content-layout10\">\r\n                                            <span class=\"cms-btn-icon order-left  rtl-flip\">\r\n                            <i aria-hidden=\"true\" class=\"cmsi-arrow-circle-right\"><\/i>                        <\/span>\r\n                                        <span class=\"cms-btn-text\">Request a Quote<\/span>\r\n                                    <\/span>\r\n            <\/a>\r\n                <\/div>\r\n    \t<\/div>\n<\/div>\t\t\t\t<\/div>\n\t\t\t\t<\/div>\n\t\t            <\/div>\r\n        <\/div>\r\n                <div class=\"elementor-column elementor-col-66 elementor-top-column elementor-element elementor-element-3dabe35 pl-xl-100\" data-id=\"3dabe35\" data-element_type=\"column\">\r\n            <div class=\"elementor-widget-wrap elementor-element-populated\">\r\n                \t\t<div class=\"elementor-element elementor-element-fa72f6a cms-cf7-layout-3 elementor-widget elementor-widget-cms_ctf7\" data-id=\"fa72f6a\" data-element_type=\"widget\" data-widget_type=\"cms_ctf7.default\">\n\t\t\t\t<div class=\"elementor-widget-container\">\n\t\t\t\t\t    <div id=\"cms_ctf7-fa72f6a\" class=\"cms-cf7\">\r\n        <div class=\"cms-cf7-inner\">                <div class=\"cms-form-heading cms-heading text-24 font-500 mt-n12\">Contact us<\/div>\r\n                            <div class=\"cms-form-desc text-15 lh-26 pt-10\">We take great pride in everything we do; complete control over our products allows us to guarantee our customers the highest quality service.<\/div>\r\n                        <div class=\"pt-20\">\n<div class=\"wpcf7 no-js\" id=\"wpcf7-f1125-o1\" lang=\"en-US\" dir=\"ltr\" data-wpcf7-id=\"1125\">\n<div class=\"screen-reader-response\"><p role=\"status\" aria-live=\"polite\" aria-atomic=\"true\"><\/p> <ul><\/ul><\/div>\n<form action=\"\/en\/wp-json\/wp\/v2\/pages\/52#wpcf7-f1125-o1\" method=\"post\" class=\"wpcf7-form init\" aria-label=\"Contact form\" novalidate=\"novalidate\" data-status=\"init\" data-trp-original-action=\"\/en\/wp-json\/wp\/v2\/pages\/52#wpcf7-f1125-o1\">\n<fieldset class=\"hidden-fields-container\"><input type=\"hidden\" name=\"_wpcf7\" value=\"1125\" \/><input type=\"hidden\" name=\"_wpcf7_version\" value=\"6.1.3\" \/><input type=\"hidden\" name=\"_wpcf7_locale\" value=\"en_US\" \/><input type=\"hidden\" name=\"_wpcf7_unit_tag\" value=\"wpcf7-f1125-o1\" \/><input type=\"hidden\" name=\"_wpcf7_container_post\" value=\"0\" \/><input type=\"hidden\" name=\"_wpcf7_posted_data_hash\" value=\"\" \/>\n<\/fieldset>\n<div class=\"row\">\n\t<div class=\"col-lg-6 mb-20\">\n\t\t<p><span class=\"wpcf7-form-control-wrap\" data-name=\"your-name\"><input size=\"40\" maxlength=\"400\" class=\"wpcf7-form-control wpcf7-text wpcf7-validates-as-required\" aria-required=\"true\" aria-invalid=\"false\" placeholder=\"Name\" value=\"\" type=\"text\" name=\"your-name\" \/><\/span>\n\t\t<\/p>\n\t<\/div>\n\t<div class=\"col-lg-6 mb-20\">\n\t\t<p><span class=\"wpcf7-form-control-wrap\" data-name=\"your-email\"><input size=\"40\" maxlength=\"400\" class=\"wpcf7-form-control wpcf7-email wpcf7-validates-as-required wpcf7-text wpcf7-validates-as-email\" aria-required=\"true\" aria-invalid=\"false\" placeholder=\"Email\" value=\"\" type=\"email\" name=\"your-email\" \/><\/span>\n\t\t<\/p>\n\t<\/div>\n\t<div class=\"col-lg-6 mb-20\">\n\t\t<p><span class=\"wpcf7-form-control-wrap\" data-name=\"phone\"><input size=\"40\" maxlength=\"400\" class=\"wpcf7-form-control wpcf7-tel wpcf7-validates-as-required wpcf7-text wpcf7-validates-as-tel\" aria-required=\"true\" aria-invalid=\"false\" placeholder=\"Phone\" value=\"\" type=\"tel\" name=\"phone\" \/><\/span>\n\t\t<\/p>\n\t<\/div>\n\t<div class=\"col-lg-6 mb-20\">\n\t\t<p><span class=\"wpcf7-form-control-wrap\" data-name=\"address\"><input size=\"40\" maxlength=\"400\" class=\"wpcf7-form-control wpcf7-text wpcf7-validates-as-required\" aria-required=\"true\" aria-invalid=\"false\" placeholder=\"Address\" value=\"\" type=\"text\" name=\"address\" \/><\/span>\n\t\t<\/p>\n\t<\/div>\n<\/div>\n<div class=\"text-primary text-14 lh-28 font-700 pb-10\">\n\t<p>System data\n\t<\/p>\n<\/div>\n<div class=\"row\">\n\t<div class=\"col-lg-6 mb-20\">\n\t\t<p><span class=\"wpcf7-form-control-wrap\" data-name=\"system-installer\"><select class=\"wpcf7-form-control wpcf7-select wpcf7-validates-as-required\" aria-required=\"true\" aria-invalid=\"false\" name=\"system-installer\"><option value=\"\">Per chi \u00e8 l&#039;impianto?<\/option><option value=\"Me stesso\">Me stesso<\/option><option value=\"Un Familiare\">Un Familiare<\/option><option value=\"Altro - Amico\/Vicino\/Famiglia\">Other - Friend\/Neighbor\/Family<\/option><\/select><\/span>\n\t\t<\/p>\n\t<\/div>\n\t<div class=\"col-lg-6 mb-20\">\n\t\t<p><span class=\"wpcf7-form-control-wrap\" data-name=\"project-completed-by\"><select class=\"wpcf7-form-control wpcf7-select wpcf7-validates-as-required\" aria-required=\"true\" aria-invalid=\"false\" name=\"project-completed-by\"><option value=\"\">Previsione di acquisto?<\/option><option value=\"Non deciso\">Not decided<\/option><option value=\"0-3 Mesi\">0-3 Months<\/option><option value=\"3-6 Mesi\">3-6 months<\/option><option value=\"6+ Mesi\">6+ Months<\/option><\/select><\/span>\n\t\t<\/p>\n\t<\/div>\n\t<div class=\"col-lg-6 mb-20\">\n\t\t<p><span class=\"wpcf7-form-control-wrap\" data-name=\"monthly-electric-usage-inkWh\"><input size=\"40\" maxlength=\"400\" class=\"wpcf7-form-control wpcf7-text wpcf7-validates-as-required\" aria-required=\"true\" aria-invalid=\"false\" placeholder=\"Consumo annuale in kWh?\" value=\"\" type=\"text\" name=\"monthly-electric-usage-inkWh\" \/><\/span>\n\t\t<\/p>\n\t<\/div>\n\t<div class=\"col-lg-6 mb-20\">\n\t\t<p><span class=\"wpcf7-form-control-wrap\" data-name=\"Solarsystemtype\"><select class=\"wpcf7-form-control wpcf7-select wpcf7-validates-as-required\" aria-required=\"true\" aria-invalid=\"false\" name=\"Solarsystemtype\"><option value=\"\">Tipo di impianto?<\/option><option value=\"Impiato Fotovoltaico\">Impiato Fotovoltaico<\/option><option value=\"Impianto pi\u00f9 Batterie\">Impianto pi\u00f9 Batterie<\/option><option value=\"Pompe di Calore ad Aria\">Pompe di Calore ad Aria<\/option><option value=\"Pompe di Calore Full Electric\">Pompe di Calore Full Electric<\/option><option value=\"Pompe di Calore Acqua Calda Sanitaria\">Pompe di Calore Acqua Calda Sanitaria<\/option><option value=\"Altro\">Other<\/option><\/select><\/span>\n\t\t<\/p>\n\t<\/div>\n\t<div class=\"col-lg-6 mb-20\">\n\t\t<p><span class=\"wpcf7-form-control-wrap\" data-name=\"solar-panels-place\"><select class=\"wpcf7-form-control wpcf7-select wpcf7-validates-as-required\" aria-required=\"true\" aria-invalid=\"false\" name=\"solar-panels-place\"><option value=\"\">Location of the solar panels?<\/option><option value=\"Montaggio su tetto\">Roof mounting<\/option><option value=\"Montaggio a terra\">Ground mounting<\/option><option value=\"Da determinare\">To be determined<\/option><\/select><\/span>\n\t\t<\/p>\n\t<\/div>\n\t<div class=\"col-lg-6 mb-20\">\n\t\t<p><span class=\"wpcf7-form-control-wrap\" data-name=\"Materials-on-your-roof\"><select class=\"wpcf7-form-control wpcf7-select wpcf7-validates-as-required\" aria-required=\"true\" aria-invalid=\"false\" name=\"Materials-on-your-roof\"><option value=\"\">Roof materials?<\/option><option value=\"Tegole composite\">Composite tiles<\/option><option value=\"Piastrelle\">Tiles<\/option><option value=\"Metallo\">Metal<\/option><option value=\"Altro\">Other<\/option><\/select><\/span>\n\t\t<\/p>\n\t<\/div>\n<\/div>\n<div class=\"text-primary text-14 lh-28 font-700 pb-10\">\n\t<p>Preferred method of contact\n\t<\/p>\n<\/div>\n<p><span class=\"wpcf7-form-control-wrap\" data-name=\"Preferred-Contact-Method\"><span class=\"wpcf7-form-control wpcf7-radio\"><span class=\"wpcf7-list-item first\"><label><input type=\"radio\" name=\"Preferred-Contact-Method\" value=\"Tutti\" checked=\"checked\" \/><span class=\"wpcf7-list-item-label\">All<\/span><\/label><\/span><span class=\"wpcf7-list-item\"><label><input type=\"radio\" name=\"Preferred-Contact-Method\" value=\"Email\" \/><span class=\"wpcf7-list-item-label\">Email<\/span><\/label><\/span><span class=\"wpcf7-list-item last\"><label><input type=\"radio\" name=\"Preferred-Contact-Method\" value=\"Telefono\" \/><span class=\"wpcf7-list-item-label\">Phone<\/span><\/label><\/span><\/span><\/span>\n<\/p>\n<div class=\"cms-submit\">\n\t<p><button class=\"wpcf7-form-control wpcf7-submit btn btn-primary btn-lg w-100\" type=\"submit\"><span class=\"cms-btn-content\"><span class=\"wpcf7-submit-icon cms-btn-icon cmsi-arrow-circle-right rtl-flip\"><\/span><span class=\"cms-btn-text\">Send request<\/span><\/span><\/button>\n\t<\/p>\n<\/div><div class=\"wpcf7-response-output\" aria-hidden=\"true\"><\/div>\n<input type=\"hidden\" name=\"trp-form-language\" value=\"en\"\/><\/form>\n<\/div>\n<\/div>\r\n        <\/div>\r\n    <\/div>\r\n\t\t\t\t<\/div>\n\t\t\t\t<\/div>\n\t\t            <\/div>\r\n        <\/div>\r\n        \t\t\t<\/div>\r\n\t\t<\/section>\r\n\t\t\t\t<\/div>","protected":false},"excerpt":{"rendered":"<p>Dove Siamo Via Partigiani d&#039;Italia, 80, 50053 Empoli (FI) Sede Principale Email: front-office@matozzoni.it Bandi e Incentivi Email: consulenza@matozzoni.it Clienti Business e Privati Email: amministrazione@matozzoni.it Orari di Apertura Luned\u00ec &#8211; Venerd\u00ec: 8:30 &#8211; 18:00 Sabato: 9:00 &#8211; 13:00 Richiedi un preventivo Contattaci Siamo molto orgogliosi di tutto ci\u00f2 che facciamo, il controllo completo sui prodotti ci [&hellip;]<\/p>","protected":false},"author":1,"featured_media":0,"parent":0,"menu_order":17,"comment_status":"closed","ping_status":"closed","template":"","meta":{"footnotes":""},"class_list":["post-52","page","type-page","status-publish","hentry","cms-has-post-thumbnail"],"_links":{"self":[{"href":"https:\/\/www.matozzoni.it\/en\/wp-json\/wp\/v2\/pages\/52","targetHints":{"allow":["GET"]}}],"collection":[{"href":"https:\/\/www.matozzoni.it\/en\/wp-json\/wp\/v2\/pages"}],"about":[{"href":"https:\/\/www.matozzoni.it\/en\/wp-json\/wp\/v2\/types\/page"}],"author":[{"embeddable":true,"href":"https:\/\/www.matozzoni.it\/en\/wp-json\/wp\/v2\/users\/1"}],"replies":[{"embeddable":true,"href":"https:\/\/www.matozzoni.it\/en\/wp-json\/wp\/v2\/comments?post=52"}],"version-history":[{"count":5,"href":"https:\/\/www.matozzoni.it\/en\/wp-json\/wp\/v2\/pages\/52\/revisions"}],"predecessor-version":[{"id":6762,"href":"https:\/\/www.matozzoni.it\/en\/wp-json\/wp\/v2\/pages\/52\/revisions\/6762"}],"wp:attachment":[{"href":"https:\/\/www.matozzoni.it\/en\/wp-json\/wp\/v2\/media?parent=52"}],"curies":[{"name":"wp","href":"https:\/\/api.w.org\/{rel}","templated":true}]}}